{"id":313,"date":"2026-03-24T17:12:00","date_gmt":"2026-03-24T17:12:00","guid":{"rendered":"https:\/\/techcreationhub.com\/?page_id=313"},"modified":"2026-03-29T16:34:41","modified_gmt":"2026-03-29T16:34:41","slug":"contact","status":"publish","type":"page","link":"https:\/\/techcreationhub.com\/patrimmo\/contact\/","title":{"rendered":"Contact"},"content":{"rendered":"<style>.wp-block-kadence-advancedheading.kt-adv-heading313_7abcf1-f7, .wp-block-kadence-advancedheading.kt-adv-heading313_7abcf1-f7[data-kb-block=\"kb-adv-heading313_7abcf1-f7\"]{font-style:normal;}.wp-block-kadence-advancedheading.kt-adv-heading313_7abcf1-f7 mark.kt-highlight, .wp-block-kadence-advancedheading.kt-adv-heading313_7abcf1-f7[data-kb-block=\"kb-adv-heading313_7abcf1-f7\"] mark.kt-highlight{font-style:normal;color:#f76a0c;-webkit-box-decoration-break:clone;box-decoration-break:clone;padding-top:0px;padding-right:0px;padding-bottom:0px;padding-left:0px;}.wp-block-kadence-advancedheading.kt-adv-heading313_7abcf1-f7 img.kb-inline-image, .wp-block-kadence-advancedheading.kt-adv-heading313_7abcf1-f7[data-kb-block=\"kb-adv-heading313_7abcf1-f7\"] img.kb-inline-image{width:150px;vertical-align:baseline;}<\/style>\n<h2 class=\"kt-adv-heading313_7abcf1-f7 wp-block-kadence-advancedheading\" data-kb-block=\"kb-adv-heading313_7abcf1-f7\">Vous avez d\u00e9tect\u00e9 un probl\u00e8me lors de l&rsquo;utilisation du programme ?<\/h2>\n\n\n<style>.wp-block-kadence-advancedheading.kt-adv-heading313_c7921a-95, .wp-block-kadence-advancedheading.kt-adv-heading313_c7921a-95[data-kb-block=\"kb-adv-heading313_c7921a-95\"]{font-style:normal;}.wp-block-kadence-advancedheading.kt-adv-heading313_c7921a-95 mark.kt-highlight, .wp-block-kadence-advancedheading.kt-adv-heading313_c7921a-95[data-kb-block=\"kb-adv-heading313_c7921a-95\"] mark.kt-highlight{font-style:normal;color:#f76a0c;-webkit-box-decoration-break:clone;box-decoration-break:clone;padding-top:0px;padding-right:0px;padding-bottom:0px;padding-left:0px;}.wp-block-kadence-advancedheading.kt-adv-heading313_c7921a-95 img.kb-inline-image, .wp-block-kadence-advancedheading.kt-adv-heading313_c7921a-95[data-kb-block=\"kb-adv-heading313_c7921a-95\"] img.kb-inline-image{width:150px;vertical-align:baseline;}<\/style>\n<h2 class=\"kt-adv-heading313_c7921a-95 wp-block-kadence-advancedheading\" data-kb-block=\"kb-adv-heading313_c7921a-95\">Signalez-le !<\/h2>\n\n\n<style>.kb-row-layout-id313_52841f-9b > .kt-row-column-wrap{align-content:start;}:where(.kb-row-layout-id313_52841f-9b > .kt-row-column-wrap) > .wp-block-kadence-column{justify-content:start;}.kb-row-layout-id313_52841f-9b > .kt-row-column-wrap{column-gap:var(--global-kb-gap-md, 2rem);row-gap:var(--global-kb-gap-md, 2rem);padding-top:var(--global-kb-spacing-sm, 1.5rem);padding-bottom:var(--global-kb-spacing-lg, 3rem);grid-template-columns:repeat(2, minmax(0, 1fr));}.kb-row-layout-id313_52841f-9b{background-image:url('https:\/\/techcreationhub.com\/patrimmo\/wp-content\/uploads\/2026\/03\/Bug.jpg');background-size:cover;background-position:center center;background-attachment:scroll;background-repeat:no-repeat;}.kb-row-layout-id313_52841f-9b > .kt-row-layout-overlay{opacity:0.30;}@media all and (max-width: 1024px){.kb-row-layout-id313_52841f-9b > .kt-row-column-wrap{grid-template-columns:repeat(2, minmax(0, 1fr));}}@media all and (max-width: 767px){.kb-row-layout-id313_52841f-9b > .kt-row-column-wrap{grid-template-columns:minmax(0, 1fr);}}<\/style><div class=\"kb-row-layout-wrap kb-row-layout-id313_52841f-9b alignnone kt-row-has-bg wp-block-kadence-rowlayout\"><div class=\"kt-row-column-wrap kt-has-2-columns kt-row-layout-equal kt-tab-layout-inherit kt-mobile-layout-row kt-row-valign-top\">\n<style>.kadence-column313_4f4b30-7a > .kt-inside-inner-col,.kadence-column313_4f4b30-7a > .kt-inside-inner-col:before{border-top-left-radius:0px;border-top-right-radius:0px;border-bottom-right-radius:0px;border-bottom-left-radius:0px;}.kadence-column313_4f4b30-7a > .kt-inside-inner-col{column-gap:var(--global-kb-gap-sm, 1rem);}.kadence-column313_4f4b30-7a > .kt-inside-inner-col{flex-direction:column;}.kadence-column313_4f4b30-7a > .kt-inside-inner-col > .aligncenter{width:100%;}.kadence-column313_4f4b30-7a > .kt-inside-inner-col:before{opacity:0.3;}.kadence-column313_4f4b30-7a{position:relative;}@media all and (max-width: 1024px){.kadence-column313_4f4b30-7a > .kt-inside-inner-col{flex-direction:column;justify-content:center;}}@media all and (max-width: 767px){.kadence-column313_4f4b30-7a > .kt-inside-inner-col{flex-direction:column;justify-content:center;}}<\/style>\n<div class=\"wp-block-kadence-column kadence-column313_4f4b30-7a\"><div class=\"kt-inside-inner-col\"><\/div><\/div>\n\n\n<style>.kadence-column313_e53fd9-d0 > .kt-inside-inner-col,.kadence-column313_e53fd9-d0 > .kt-inside-inner-col:before{border-top-left-radius:0px;border-top-right-radius:0px;border-bottom-right-radius:0px;border-bottom-left-radius:0px;}.kadence-column313_e53fd9-d0 > .kt-inside-inner-col{column-gap:var(--global-kb-gap-sm, 1rem);}.kadence-column313_e53fd9-d0 > .kt-inside-inner-col{flex-direction:column;}.kadence-column313_e53fd9-d0 > .kt-inside-inner-col > .aligncenter{width:100%;}.kadence-column313_e53fd9-d0 > .kt-inside-inner-col:before{opacity:0.3;}.kadence-column313_e53fd9-d0{position:relative;}@media all and (max-width: 1024px){.kadence-column313_e53fd9-d0 > .kt-inside-inner-col{flex-direction:column;justify-content:center;}}@media all and (max-width: 767px){.kadence-column313_e53fd9-d0 > .kt-inside-inner-col{flex-direction:column;justify-content:center;}}<\/style>\n<div class=\"wp-block-kadence-column kadence-column313_e53fd9-d0\"><div class=\"kt-inside-inner-col\"><style>.wp-block-kadence-advancedheading.kt-adv-heading313_a21fa9-8a, .wp-block-kadence-advancedheading.kt-adv-heading313_a21fa9-8a[data-kb-block=\"kb-adv-heading313_a21fa9-8a\"]{margin-bottom:30px;text-align:center;font-size:28px;line-height:1.3em;font-weight:normal;font-style:normal;}.wp-block-kadence-advancedheading.kt-adv-heading313_a21fa9-8a mark.kt-highlight, .wp-block-kadence-advancedheading.kt-adv-heading313_a21fa9-8a[data-kb-block=\"kb-adv-heading313_a21fa9-8a\"] mark.kt-highlight{font-weight:normal;font-style:normal;color:#f76a0c;-webkit-box-decoration-break:clone;box-decoration-break:clone;padding-top:0px;padding-right:0px;padding-bottom:0px;padding-left:0px;}.wp-block-kadence-advancedheading.kt-adv-heading313_a21fa9-8a img.kb-inline-image, .wp-block-kadence-advancedheading.kt-adv-heading313_a21fa9-8a[data-kb-block=\"kb-adv-heading313_a21fa9-8a\"] img.kb-inline-image{width:150px;vertical-align:baseline;}@media all and (max-width: 767px){.wp-block-kadence-advancedheading.kt-adv-heading313_a21fa9-8a, .wp-block-kadence-advancedheading.kt-adv-heading313_a21fa9-8a[data-kb-block=\"kb-adv-heading313_a21fa9-8a\"]{font-size:30px;}}<\/style>\n<h5 class=\"kt-adv-heading313_a21fa9-8a wp-block-kadence-advancedheading\" data-kb-block=\"kb-adv-heading313_a21fa9-8a\">Merci de remplir le formulaire de contact<\/h5>\n\n\n\n<p class=\"has-text-align-center\">Utilisez ce formulaire en priorit\u00e9 pour d\u00e9crire votre probl\u00e8me.<\/p>\n\n\n<style>.kadence-column313_730aae-2b > .kt-inside-inner-col{display:flex;}.kadence-column313_730aae-2b > .kt-inside-inner-col{padding-top:40px;padding-right:40px;padding-bottom:40px;padding-left:40px;}.kadence-column313_730aae-2b > .kt-inside-inner-col{border-top:2px solid var(--global-palette6, #718096);border-right:2px solid var(--global-palette6, #718096);border-bottom:2px solid var(--global-palette6, #718096);border-left:2px solid var(--global-palette6, #718096);}.kadence-column313_730aae-2b > .kt-inside-inner-col,.kadence-column313_730aae-2b > .kt-inside-inner-col:before{border-top-left-radius:10px;border-top-right-radius:10px;border-bottom-right-radius:10px;border-bottom-left-radius:10px;}.kadence-column313_730aae-2b > .kt-inside-inner-col{row-gap:12px;column-gap:12px;}.kadence-column313_730aae-2b > .kt-inside-inner-col{flex-direction:row;flex-wrap:wrap;align-items:center;justify-content:center;}.kadence-column313_730aae-2b > .kt-inside-inner-col > *, .kadence-column313_730aae-2b > .kt-inside-inner-col > figure.wp-block-image, .kadence-column313_730aae-2b > .kt-inside-inner-col > figure.wp-block-kadence-image{margin-top:0px;margin-bottom:0px;}.kadence-column313_730aae-2b > .kt-inside-inner-col > .kb-image-is-ratio-size{flex-grow:1;}.kadence-column313_730aae-2b > .kt-inside-inner-col{background-color:#cfd4db;}.kadence-column313_730aae-2b > .kt-inside-inner-col:before{opacity:0.3;}.kadence-column313_730aae-2b{text-align:left;}.kadence-column313_730aae-2b{position:relative;}@media all and (max-width: 1024px){.kadence-column313_730aae-2b > .kt-inside-inner-col{border-top:2px solid var(--global-palette6, #718096);border-right:2px solid var(--global-palette6, #718096);border-bottom:2px solid var(--global-palette6, #718096);border-left:2px solid var(--global-palette6, #718096);row-gap:5px;column-gap:5px;flex-direction:row;flex-wrap:wrap;align-items:center;justify-content:center;}}@media all and (min-width: 768px) and (max-width: 1024px){.kadence-column313_730aae-2b > .kt-inside-inner-col > *, .kadence-column313_730aae-2b > .kt-inside-inner-col > figure.wp-block-image, .kadence-column313_730aae-2b > .kt-inside-inner-col > figure.wp-block-kadence-image{margin-top:0px;margin-bottom:0px;}.kadence-column313_730aae-2b > .kt-inside-inner-col > .kb-image-is-ratio-size{flex-grow:1;}}@media all and (max-width: 767px){.kadence-column313_730aae-2b > .kt-inside-inner-col{padding-top:14px;padding-right:14px;padding-bottom:14px;padding-left:14px;border-top:2px solid var(--global-palette6, #718096);border-right:2px solid var(--global-palette6, #718096);border-bottom:2px solid var(--global-palette6, #718096);border-left:2px solid var(--global-palette6, #718096);column-gap:4px;flex-direction:column;justify-content:center;align-items:stretch;flex-wrap:nowrap;}.kadence-column313_730aae-2b{text-align:center;}.wp-block-kadence-column.kb-section-dir-horizontal.kadence-column313_730aae-2b > .kt-inside-inner-col > .wp-block-kadence-infobox{align-self:unset;}}<\/style>\n<div class=\"wp-block-kadence-column kadence-column313_730aae-2b kb-section-dir-horizontal kb-section-sm-dir-vertical inner-column-1\"><div class=\"kt-inside-inner-col\"><style>.kadence-form-313_673694-5e .kb-form .kadence-blocks-form-field{margin-bottom:10px;}.kadence-form-313_673694-5e .kb-form .kadence-blocks-form-field{padding-right:8px;padding-left:8px;}.kadence-form-313_673694-5e .kb-form{margin-right:-8px;margin-left:-8px;}.kadence-form-313_673694-5e .kb-form .kadence-blocks-form-field .kb-text-style-field, .kadence-form-313_673694-5e .kb-form .kadence-blocks-form-field .kb-select-style-field{color:var(--global-palette5, #4A5568);border-radius:12px;font-size:16px;line-height:22px;background:var(--global-palette9, #ffffff);border-color:rgba(113, 128, 150, 0.1);}.kadence-form-313_673694-5e .kb-form .kadence-blocks-form-field .kb-text-style-field:focus, .kadence-form-313_673694-5e .kb-form .kadence-blocks-form-field .kb-select-style-field:focus{color:var(--global-palette4, #2D3748);border-color:var(--global-palette5, #4A5568);background:var(--global-palette9, #ffffff);}.kadence-form-313_673694-5e .kb-form .kadence-blocks-form-field .kb-forms-submit{width:159px;color:var(--global-palette9, #ffffff);border-radius:50px;border-width:2px 2px 2px 2px;background:var(--global-palette2, #2B6CB0);border-color:var(--global-palette3, #1A202C);}.kadence-form-313_673694-5e .kb-form .kadence-blocks-form-field .kb-forms-submit:hover, .kadence-form-313_673694-5e .kb-form .kadence-blocks-form-field .kb-forms-submit:focus {color:var(--global-palette3, #1A202C);border-color:var(--global-palette3, #1A202C);background:var(--global-palette7, #EDF2F7);}.kb-form input.kadence-blocks-field.verify{opacity:0.0;position:absolute;top:0.0;left:0.0;width:0.0;height:0.0;z-index:-1;}<\/style>\n<div class=\"wp-block-kadence-form kadence-form-313_673694-5e kb-form-wrap\"><form class=\"kb-form\" action=\"\" method=\"post\" data-error-message=\"Erreur de validation. Merci de corriger s\"><div class=\"kadence-blocks-form-field kb-field-desk-width-100 kb-input-size-standard\"><label for=\"kb_field_313_673694-5e_0\">Nom et pr\u00e9nom<span class=\"required\">*<\/span><\/label><input name=\"kb_field_0\" id=\"kb_field_313_673694-5e_0\" data-label=\"Nom et pr\u00e9nom\" type=\"text\" placeholder=\"\" value=\"\" data-type=\"text\" class=\"kb-field kb-text-style-field kb-text-field kb-field-0\" data-required=\"yes\"\/><\/div><div class=\"kadence-blocks-form-field kb-form-field-1 kb-field-desk-width-100 kb-input-size-standard\"><label for=\"kb_field_313_673694-5e_1\">Soci\u00e9t\u00e9<\/label><input name=\"kb_field_1\" id=\"kb_field_313_673694-5e_1\" data-label=\"Soci\u00e9t\u00e9\" type=\"text\" placeholder=\"\" value=\"\" data-type=\"text\" class=\"kb-field kb-text-style-field kb-text-field kb-field-1\"\/><\/div><div class=\"kadence-blocks-form-field kb-form-field-2 kb-field-desk-width-100 kb-input-size-standard\"><label for=\"kb_field_313_673694-5e_2\">Adresse mail<span class=\"required\">*<\/span><\/label><input name=\"kb_field_2\" id=\"kb_field_313_673694-5e_2\" data-label=\"Adresse mail\" type=\"email\" placeholder=\"\" value=\"\" data-type=\"email\" class=\"kb-field kb-text-style-field kb-email-field kb-field-2\" data-required=\"yes\"\/><\/div><div class=\"kadence-blocks-form-field kb-form-field-3 kb-field-desk-width-100 kb-input-size-standard\"><label for=\"kb_field_313_673694-5e_3\">Message<\/label><textarea name=\"kb_field_3\" id=\"kb_field_313_673694-5e_3\" data-label=\"Message\" type=\"textarea\" placeholder=\"Entrez votre message ici\" data-type=\"textarea\" class=\"kb-field kb-text-style-field kb-textarea-field kb-field-3\" rows=\"10\"><\/textarea><\/div><input type=\"hidden\" name=\"_kb_form_id\" value=\"313_673694-5e\"\/><input type=\"hidden\" name=\"_kb_form_post_id\" value=\"313\"\/><input type=\"hidden\" name=\"action\" value=\"kb_process_ajax_submit\"\/><div class=\"kadence-blocks-form-field google-recaptcha-checkout-wrap\"><p id=\"kb-container-g-recaptcha\" class=\"google-recaptcha-container\"><span id=\"kb_recaptcha_313_673694-5e\" class=\"kadence-blocks-g-recaptcha-v2 g-recaptcha kb_recaptcha_313_673694-5e\" style=\"display:inline-block\"><\/span><\/p><\/div><label class=\"kadence-verify-label\">Email<input class=\"kadence-blocks-field verify\" type=\"text\" name=\"_kb_verify_email\" autocomplete=\"new-password\" aria-hidden=\"true\" placeholder=\"Email\" tabindex=\"-1\" data-1p-ignore=\"true\" data-lpignore=\"true\" \/><\/label><div class=\"kadence-blocks-form-field kb-submit-field kb-field-desk-width-100\"><button class=\"kb-forms-submit button kb-button-size-standard kb-button-width-fixed\">Envoyer<\/button><\/div><\/form><\/div>\n<noscript><div class=\"kadence-blocks-form-message kadence-blocks-form-warning\">Veuillez activer JavaScript dans votre navigateur pour envoyer le formulaire.<\/div><style>.kadence-form-313_673694-5e .kadence-blocks-form-field.kb-submit-field { display: none; }<\/style><\/noscript><\/div><\/div>\n<\/div><\/div>\n\n<\/div><\/div>","protected":false},"excerpt":{"rendered":"<p>Vous avez d\u00e9tect\u00e9 un probl\u00e8me lors de l&rsquo;utilisation du programme ? Signalez-le ! Merci de remplir le formulaire de contact Utilisez ce formulaire en priorit\u00e9 pour d\u00e9crire votre probl\u00e8me.<\/p>\n","protected":false},"author":1,"featured_media":0,"parent":0,"menu_order":0,"comment_status":"closed","ping_status":"closed","template":"","meta":{"_kad_post_transparent":"","_kad_post_title":"","_kad_post_layout":"","_kad_post_sidebar_id":"","_kad_post_content_style":"","_kad_post_vertical_padding":"","_kad_post_feature":"","_kad_post_feature_position":"","_kad_post_header":false,"_kad_post_footer":false,"_kad_post_classname":"","_glsr_average":0,"_glsr_ranking":0,"_glsr_reviews":0,"footnotes":""},"class_list":["post-313","page","type-page","status-publish","hentry"],"_links":{"self":[{"href":"https:\/\/techcreationhub.com\/patrimmo\/wp-json\/wp\/v2\/pages\/313","targetHints":{"allow":["GET"]}}],"collection":[{"href":"https:\/\/techcreationhub.com\/patrimmo\/wp-json\/wp\/v2\/pages"}],"about":[{"href":"https:\/\/techcreationhub.com\/patrimmo\/wp-json\/wp\/v2\/types\/page"}],"author":[{"embeddable":true,"href":"https:\/\/techcreationhub.com\/patrimmo\/wp-json\/wp\/v2\/users\/1"}],"replies":[{"embeddable":true,"href":"https:\/\/techcreationhub.com\/patrimmo\/wp-json\/wp\/v2\/comments?post=313"}],"version-history":[{"count":4,"href":"https:\/\/techcreationhub.com\/patrimmo\/wp-json\/wp\/v2\/pages\/313\/revisions"}],"predecessor-version":[{"id":324,"href":"https:\/\/techcreationhub.com\/patrimmo\/wp-json\/wp\/v2\/pages\/313\/revisions\/324"}],"wp:attachment":[{"href":"https:\/\/techcreationhub.com\/patrimmo\/wp-json\/wp\/v2\/media?parent=313"}],"curies":[{"name":"wp","href":"https:\/\/api.w.org\/{rel}","templated":true}]}}