{"id":220,"date":"2026-03-22T07:51:29","date_gmt":"2026-03-22T07:51:29","guid":{"rendered":"https:\/\/techcreationhub.com\/?page_id=220"},"modified":"2026-03-30T14:45:18","modified_gmt":"2026-03-30T14:45:18","slug":"manuel-utilisateur","status":"publish","type":"page","link":"https:\/\/techcreationhub.com\/patrimmo\/manuel-utilisateur\/","title":{"rendered":"Manuel utilisateur de PATRIMMO &#8211; Gestion de patrimoine immobilier"},"content":{"rendered":"<style>.wp-block-kadence-advancedheading.kt-adv-heading220_69acc9-e3, .wp-block-kadence-advancedheading.kt-adv-heading220_69acc9-e3[data-kb-block=\"kb-adv-heading220_69acc9-e3\"]{font-style:normal;}.wp-block-kadence-advancedheading.kt-adv-heading220_69acc9-e3 mark.kt-highlight, .wp-block-kadence-advancedheading.kt-adv-heading220_69acc9-e3[data-kb-block=\"kb-adv-heading220_69acc9-e3\"] mark.kt-highlight{font-style:normal;color:#f76a0c;-webkit-box-decoration-break:clone;box-decoration-break:clone;padding-top:0px;padding-right:0px;padding-bottom:0px;padding-left:0px;}.wp-block-kadence-advancedheading.kt-adv-heading220_69acc9-e3 img.kb-inline-image, .wp-block-kadence-advancedheading.kt-adv-heading220_69acc9-e3[data-kb-block=\"kb-adv-heading220_69acc9-e3\"] img.kb-inline-image{width:150px;vertical-align:baseline;}<\/style>\n<h1 class=\"kt-adv-heading220_69acc9-e3 wp-block-kadence-advancedheading\" data-kb-block=\"kb-adv-heading220_69acc9-e3\">Comment obtenir ce manuel et que contient-il ?<\/h1>\n\n\n<style>.kb-row-layout-id220_f12ed9-98 > .kt-row-column-wrap{align-content:start;}:where(.kb-row-layout-id220_f12ed9-98 > .kt-row-column-wrap) > .wp-block-kadence-column{justify-content:start;}.kb-row-layout-id220_f12ed9-98 > .kt-row-column-wrap{column-gap:var(--global-kb-gap-md, 2rem);row-gap:var(--global-kb-gap-md, 2rem);padding-bottom:var(--global-kb-spacing-sm, 1.5rem);grid-template-columns:minmax(0, calc(45% - ((var(--global-kb-gap-md, 2rem) * 1 )\/2)))minmax(0, calc(55% - ((var(--global-kb-gap-md, 2rem) * 1 )\/2)));}.kb-row-layout-id220_f12ed9-98{border-top:1px solid var(--global-palette3, #1A202C);border-right:1px solid var(--global-palette3, #1A202C);border-bottom:1px solid var(--global-palette3, #1A202C);border-left:1px solid var(--global-palette3, #1A202C);}.kb-row-layout-id220_f12ed9-98 > .kt-row-layout-overlay{opacity:0.30;}@media all and (max-width: 1024px){.kb-row-layout-id220_f12ed9-98 > .kt-row-column-wrap{grid-template-columns:repeat(2, minmax(0, 1fr));}}@media all and (max-width: 1024px){.kb-row-layout-id220_f12ed9-98{border-top:1px solid var(--global-palette3, #1A202C);border-right:1px solid var(--global-palette3, #1A202C);border-bottom:1px solid var(--global-palette3, #1A202C);border-left:1px solid var(--global-palette3, #1A202C);}}@media all and (max-width: 767px){.kb-row-layout-id220_f12ed9-98 > .kt-row-column-wrap{grid-template-columns:minmax(0, 1fr);}.kb-row-layout-id220_f12ed9-98{border-top:1px solid var(--global-palette3, #1A202C);border-right:1px solid var(--global-palette3, #1A202C);border-bottom:1px solid var(--global-palette3, #1A202C);border-left:1px solid var(--global-palette3, #1A202C);}}<\/style><div class=\"kb-row-layout-wrap kb-row-layout-id220_f12ed9-98 alignnone has-theme-palette7-background-color kt-row-has-bg wp-block-kadence-rowlayout\"><div class=\"kt-row-column-wrap kt-has-2-columns kt-row-layout-equal kt-tab-layout-inherit kt-mobile-layout-row kt-row-valign-top\">\n<style>.kadence-column220_53e45b-dc > .kt-inside-inner-col,.kadence-column220_53e45b-dc > .kt-inside-inner-col:before{border-top-left-radius:0px;border-top-right-radius:0px;border-bottom-right-radius:0px;border-bottom-left-radius:0px;}.kadence-column220_53e45b-dc > .kt-inside-inner-col{column-gap:var(--global-kb-gap-sm, 1rem);}.kadence-column220_53e45b-dc > .kt-inside-inner-col{flex-direction:column;}.kadence-column220_53e45b-dc > .kt-inside-inner-col > .aligncenter{width:100%;}.kadence-column220_53e45b-dc > .kt-inside-inner-col:before{opacity:0.3;}.kadence-column220_53e45b-dc{position:relative;}@media all and (max-width: 1024px){.kadence-column220_53e45b-dc > .kt-inside-inner-col{flex-direction:column;justify-content:center;}}@media all and (max-width: 767px){.kadence-column220_53e45b-dc > .kt-inside-inner-col{flex-direction:column;justify-content:center;}}<\/style>\n<div class=\"wp-block-kadence-column kadence-column220_53e45b-dc\"><div class=\"kt-inside-inner-col\">\n<p class=\"has-medium-font-size\">Un <strong>manuel utilisateur<\/strong> est disponible au format PDF pour vous accompagner dans la prise en main du logiciel.<\/p>\n\n\n\n<p class=\"has-medium-font-size\">Ce document explique de mani\u00e8re simple et progressive :<\/p>\n\n\n\n<ul class=\"wp-block-list has-medium-font-size\">\n<li>le fonctionnement g\u00e9n\u00e9ral du programme<\/li>\n\n\n\n<li>la gestion des biens, locataires et baux<\/li>\n\n\n\n<li>le suivi des loyers et des charges<\/li>\n\n\n\n<li>l\u2019utilisation des tableaux de bord et des indicateurs<\/li>\n\n\n\n<li>les principales fonctionnalit\u00e9s et leur utilisation<\/li>\n<\/ul>\n\n\n\n<p class=\"has-medium-font-size\">Ce manuel est con\u00e7u pour vous aider \u00e0 utiliser efficacement le logiciel au quotidien, sans n\u00e9cessiter de connaissances techniques.<\/p>\n\n\n\n<p class=\"has-medium-font-size\">\ud83d\udc49 Il s\u2019agit d\u2019un guide d\u2019utilisation, et non d\u2019une documentation technique sur le code Microsoft Access.<\/p>\n<\/div><\/div>\n\n\n<style>.kadence-column220_95931a-b7 > .kt-inside-inner-col,.kadence-column220_95931a-b7 > .kt-inside-inner-col:before{border-top-left-radius:0px;border-top-right-radius:0px;border-bottom-right-radius:0px;border-bottom-left-radius:0px;}.kadence-column220_95931a-b7 > .kt-inside-inner-col{column-gap:var(--global-kb-gap-sm, 1rem);}.kadence-column220_95931a-b7 > .kt-inside-inner-col{flex-direction:column;}.kadence-column220_95931a-b7 > .kt-inside-inner-col > .aligncenter{width:100%;}.kadence-column220_95931a-b7 > .kt-inside-inner-col:before{opacity:0.3;}.kadence-column220_95931a-b7{position:relative;}@media all and (max-width: 1024px){.kadence-column220_95931a-b7 > .kt-inside-inner-col{flex-direction:column;justify-content:center;}}@media all and (max-width: 767px){.kadence-column220_95931a-b7 > .kt-inside-inner-col{flex-direction:column;justify-content:center;}}<\/style>\n<div class=\"wp-block-kadence-column kadence-column220_95931a-b7\"><div class=\"kt-inside-inner-col\"><style>.kb-row-layout-id220_1c6846-f5 > .kt-row-column-wrap{align-content:start;}:where(.kb-row-layout-id220_1c6846-f5 > .kt-row-column-wrap) > .wp-block-kadence-column{justify-content:start;}.kb-row-layout-id220_1c6846-f5 > .kt-row-column-wrap{column-gap:var(--global-kb-gap-md, 2rem);row-gap:var(--global-kb-gap-md, 2rem);padding-top:var(--global-kb-spacing-sm, 1.5rem);padding-bottom:var(--global-kb-spacing-sm, 1.5rem);grid-template-columns:minmax(0, 1fr);}.kb-row-layout-id220_1c6846-f5 > .kt-row-layout-overlay{opacity:0.30;}@media all and (max-width: 1024px){.kb-row-layout-id220_1c6846-f5 > .kt-row-column-wrap{grid-template-columns:minmax(0, 1fr);}}@media all and (max-width: 767px){.kb-row-layout-id220_1c6846-f5 > .kt-row-column-wrap{grid-template-columns:minmax(0, 1fr);}}<\/style><div class=\"kb-row-layout-wrap kb-row-layout-id220_1c6846-f5 alignnone wp-block-kadence-rowlayout\"><div class=\"kt-row-column-wrap kt-has-2-columns kt-row-layout-row kt-tab-layout-inherit kt-mobile-layout-row kt-row-valign-top\">\n<style>.kadence-column220_22ae67-08 > .kt-inside-inner-col,.kadence-column220_22ae67-08 > .kt-inside-inner-col:before{border-top-left-radius:0px;border-top-right-radius:0px;border-bottom-right-radius:0px;border-bottom-left-radius:0px;}.kadence-column220_22ae67-08 > .kt-inside-inner-col{column-gap:var(--global-kb-gap-sm, 1rem);}.kadence-column220_22ae67-08 > .kt-inside-inner-col{flex-direction:column;}.kadence-column220_22ae67-08 > .kt-inside-inner-col > .aligncenter{width:100%;}.kadence-column220_22ae67-08 > .kt-inside-inner-col:before{opacity:0.3;}.kadence-column220_22ae67-08{position:relative;}@media all and (max-width: 1024px){.kadence-column220_22ae67-08 > .kt-inside-inner-col{flex-direction:column;justify-content:center;}}@media all and (max-width: 767px){.kadence-column220_22ae67-08 > .kt-inside-inner-col{flex-direction:column;justify-content:center;}}<\/style>\n<div class=\"wp-block-kadence-column kadence-column220_22ae67-08\"><div class=\"kt-inside-inner-col\"><style>.kb-image220_88e52b-25 .kb-image-has-overlay:after{opacity:0.3;}<\/style>\n<figure class=\"wp-block-kadence-image kb-image220_88e52b-25 size-full\"><img loading=\"lazy\" decoding=\"async\" width=\"1024\" height=\"683\" src=\"https:\/\/techcreationhub.com\/patrimmo\/wp-content\/uploads\/2026\/03\/Patrimmo-1.jpg\" alt=\"\" class=\"kb-img wp-image-337\" srcset=\"https:\/\/techcreationhub.com\/patrimmo\/wp-content\/uploads\/2026\/03\/Patrimmo-1.jpg 1024w, https:\/\/techcreationhub.com\/patrimmo\/wp-content\/uploads\/2026\/03\/Patrimmo-1-300x200.jpg 300w, https:\/\/techcreationhub.com\/patrimmo\/wp-content\/uploads\/2026\/03\/Patrimmo-1-768x512.jpg 768w\" sizes=\"auto, (max-width: 1024px) 100vw, 1024px\" \/><\/figure>\n<\/div><\/div>\n\n\n<style>.kadence-column220_221a73-7f > .kt-inside-inner-col,.kadence-column220_221a73-7f > .kt-inside-inner-col:before{border-top-left-radius:0px;border-top-right-radius:0px;border-bottom-right-radius:0px;border-bottom-left-radius:0px;}.kadence-column220_221a73-7f > .kt-inside-inner-col{column-gap:var(--global-kb-gap-sm, 1rem);}.kadence-column220_221a73-7f > .kt-inside-inner-col{flex-direction:column;}.kadence-column220_221a73-7f > .kt-inside-inner-col > .aligncenter{width:100%;}.kadence-column220_221a73-7f > .kt-inside-inner-col:before{opacity:0.3;}.kadence-column220_221a73-7f{position:relative;}@media all and (max-width: 1024px){.kadence-column220_221a73-7f > .kt-inside-inner-col{flex-direction:column;justify-content:center;}}@media all and (max-width: 767px){.kadence-column220_221a73-7f > .kt-inside-inner-col{flex-direction:column;justify-content:center;}}<\/style>\n<div class=\"wp-block-kadence-column kadence-column220_221a73-7f\"><div class=\"kt-inside-inner-col\"><div class=\"sdm_download_item \"><div class=\"sdm_download_item_top\"><div class=\"sdm_download_thumbnail\"><\/div><div class=\"sdm_download_title\">Manuel utilisateur<\/div><\/div><div style=\"clear:both;\"><\/div><div class=\"sdm_download_description\"><\/div><div class=\"sdm_download_link\"><span class=\"sdm_download_button\"><a href=\"https:\/\/techcreationhub.com\/patrimmo\/?sdm_process_download=1&download_id=271\" class=\"sdm_download blue\" title=\"Manuel utilisateur\" target=\"_blank\">T\u00e9l\u00e9charger le manuel<\/a><\/span><span class=\"sdm_download_item_count\"><span class=\"sdm_item_count_number\">14<\/span><span class=\"sdm_item_count_string\"> T\u00e9l\u00e9chargements<\/span><\/span><\/div><\/div><div class=\"sdm_clear_float\"><\/div>\n<\/div><\/div>\n\n<\/div><\/div><\/div><\/div>\n\n<\/div><\/div>\n\n\n<p><\/p>\n\n\n<style>.kb-row-layout-id220_b737bd-6e > .kt-row-column-wrap{align-content:start;}:where(.kb-row-layout-id220_b737bd-6e > .kt-row-column-wrap) > .wp-block-kadence-column{justify-content:start;}.kb-row-layout-id220_b737bd-6e > .kt-row-column-wrap{column-gap:var(--global-kb-gap-md, 2rem);row-gap:var(--global-kb-gap-md, 2rem);padding-top:var(--global-kb-spacing-sm, 1.5rem);padding-bottom:var(--global-kb-spacing-sm, 1.5rem);grid-template-columns:minmax(0, calc(15% - ((var(--global-kb-gap-md, 2rem) * 1 )\/2)))minmax(0, calc(85% - ((var(--global-kb-gap-md, 2rem) * 1 )\/2)));}.kb-row-layout-id220_b737bd-6e > .kt-row-layout-overlay{opacity:0.30;}@media all and (max-width: 1024px){.kb-row-layout-id220_b737bd-6e > .kt-row-column-wrap{grid-template-columns:minmax(0, 1fr) minmax(0, 2fr);}}@media all and (max-width: 767px){.kb-row-layout-id220_b737bd-6e > .kt-row-column-wrap{grid-template-columns:minmax(0, 1fr);}}<\/style><div class=\"kb-row-layout-wrap kb-row-layout-id220_b737bd-6e aligncenter has-theme-palette7-background-color kt-row-has-bg wp-block-kadence-rowlayout\"><div class=\"kt-row-column-wrap kt-has-2-columns kt-row-layout-right-golden kt-tab-layout-inherit kt-mobile-layout-row kt-row-valign-top\">\n<style>.kadence-column220_d1841b-56 > .kt-inside-inner-col,.kadence-column220_d1841b-56 > .kt-inside-inner-col:before{border-top-left-radius:0px;border-top-right-radius:0px;border-bottom-right-radius:0px;border-bottom-left-radius:0px;}.kadence-column220_d1841b-56 > .kt-inside-inner-col{column-gap:var(--global-kb-gap-sm, 1rem);}.kadence-column220_d1841b-56 > .kt-inside-inner-col{flex-direction:column;}.kadence-column220_d1841b-56 > .kt-inside-inner-col > .aligncenter{width:100%;}.kadence-column220_d1841b-56 > .kt-inside-inner-col:before{opacity:0.3;}.kadence-column220_d1841b-56{position:relative;}@media all and (max-width: 1024px){.kadence-column220_d1841b-56 > .kt-inside-inner-col{flex-direction:column;justify-content:center;}}@media all and (max-width: 767px){.kadence-column220_d1841b-56 > .kt-inside-inner-col{flex-direction:column;justify-content:center;}}<\/style>\n<div class=\"wp-block-kadence-column kadence-column220_d1841b-56\"><div class=\"kt-inside-inner-col\"><style>.kt-svg-icons220_fedb3d-25 .kt-svg-item-0 .kb-svg-icon-wrap{color:var(--global-palette4, #2D3748);font-size:50px;}.wp-block-kadence-icon.kt-svg-icons220_fedb3d-25{justify-content:center;}<\/style>\n<div class=\"wp-block-kadence-icon kt-svg-icons kt-svg-icons220_fedb3d-25 alignright\"><style>.kt-svg-item-220_370868-79 .kb-svg-icon-wrap, .kt-svg-style-stacked.kt-svg-item-220_370868-79 .kb-svg-icon-wrap{color:var(--global-palette13, #3182CE);font-size:50px;}.kt-svg-item-220_370868-79:hover .kb-svg-icon-wrap{color:var(--global-palette14, #3182CE);}<\/style>\n<div class=\"wp-block-kadence-single-icon kt-svg-style-default kt-svg-icon-wrap kt-svg-item-220_370868-79\"><span class=\"kb-svg-icon-wrap kb-svg-icon-fe_alertTriangle\"><svg viewBox=\"0 0 24 24\"  fill=\"none\" stroke=\"currentColor\" stroke-width=\"2\" stroke-linecap=\"round\" stroke-linejoin=\"round\" xmlns=\"http:\/\/www.w3.org\/2000\/svg\"  aria-hidden=\"true\"><path d=\"M10.29 3.86L1.82 18a2 2 0 0 0 1.71 3h16.94a2 2 0 0 0 1.71-3L13.71 3.86a2 2 0 0 0-3.42 0z\"\/><line x1=\"12\" y1=\"9\" x2=\"12\" y2=\"13\"\/><line x1=\"12\" y1=\"17\" x2=\"12\" y2=\"17\"\/><\/svg><\/span><\/div>\n<\/div>\n<\/div><\/div>\n\n\n<style>.kadence-column220_802116-71 > .kt-inside-inner-col,.kadence-column220_802116-71 > .kt-inside-inner-col:before{border-top-left-radius:0px;border-top-right-radius:0px;border-bottom-right-radius:0px;border-bottom-left-radius:0px;}.kadence-column220_802116-71 > .kt-inside-inner-col{column-gap:var(--global-kb-gap-sm, 1rem);}.kadence-column220_802116-71 > .kt-inside-inner-col{flex-direction:column;}.kadence-column220_802116-71 > .kt-inside-inner-col > .aligncenter{width:100%;}.kadence-column220_802116-71 > .kt-inside-inner-col:before{opacity:0.3;}.kadence-column220_802116-71{position:relative;}@media all and (max-width: 1024px){.kadence-column220_802116-71 > .kt-inside-inner-col{flex-direction:column;justify-content:center;}}@media all and (max-width: 767px){.kadence-column220_802116-71 > .kt-inside-inner-col{flex-direction:column;justify-content:center;}}<\/style>\n<div class=\"wp-block-kadence-column kadence-column220_802116-71\"><div class=\"kt-inside-inner-col\"><style>.wp-block-kadence-advancedheading.kt-adv-heading220_443d93-b2, .wp-block-kadence-advancedheading.kt-adv-heading220_443d93-b2[data-kb-block=\"kb-adv-heading220_443d93-b2\"]{font-style:normal;}.wp-block-kadence-advancedheading.kt-adv-heading220_443d93-b2 mark.kt-highlight, .wp-block-kadence-advancedheading.kt-adv-heading220_443d93-b2[data-kb-block=\"kb-adv-heading220_443d93-b2\"] mark.kt-highlight{font-style:normal;color:#f76a0c;-webkit-box-decoration-break:clone;box-decoration-break:clone;padding-top:0px;padding-right:0px;padding-bottom:0px;padding-left:0px;}.wp-block-kadence-advancedheading.kt-adv-heading220_443d93-b2 img.kb-inline-image, .wp-block-kadence-advancedheading.kt-adv-heading220_443d93-b2[data-kb-block=\"kb-adv-heading220_443d93-b2\"] img.kb-inline-image{width:150px;vertical-align:baseline;}<\/style>\n<h5 class=\"kt-adv-heading220_443d93-b2 wp-block-kadence-advancedheading\" data-kb-block=\"kb-adv-heading220_443d93-b2\">Ce fichier doit \u00eatre copi\u00e9 dans le dossier du programme pour \u00eatre accessible \u00e0 partir du menu principal.<\/h5>\n<\/div><\/div>\n\n<\/div><\/div>\n\n\n<p><\/p>\n","protected":false},"excerpt":{"rendered":"<p>Comment obtenir ce manuel et que contient-il ? Un manuel utilisateur est disponible au format PDF pour vous accompagner dans la prise en main du logiciel. Ce document explique de mani\u00e8re simple et progressive : Ce manuel est con\u00e7u pour vous aider \u00e0 utiliser efficacement le logiciel au quotidien, sans n\u00e9cessiter de connaissances techniques. \ud83d\udc49&#8230;<\/p>\n","protected":false},"author":1,"featured_media":0,"parent":0,"menu_order":0,"comment_status":"closed","ping_status":"closed","template":"","meta":{"_kad_post_transparent":"","_kad_post_title":"","_kad_post_layout":"","_kad_post_sidebar_id":"","_kad_post_content_style":"","_kad_post_vertical_padding":"","_kad_post_feature":"","_kad_post_feature_position":"","_kad_post_header":false,"_kad_post_footer":false,"_kad_post_classname":"","_glsr_average":0,"_glsr_ranking":0,"_glsr_reviews":0,"footnotes":""},"class_list":["post-220","page","type-page","status-publish","hentry"],"_links":{"self":[{"href":"https:\/\/techcreationhub.com\/patrimmo\/wp-json\/wp\/v2\/pages\/220","targetHints":{"allow":["GET"]}}],"collection":[{"href":"https:\/\/techcreationhub.com\/patrimmo\/wp-json\/wp\/v2\/pages"}],"about":[{"href":"https:\/\/techcreationhub.com\/patrimmo\/wp-json\/wp\/v2\/types\/page"}],"author":[{"embeddable":true,"href":"https:\/\/techcreationhub.com\/patrimmo\/wp-json\/wp\/v2\/users\/1"}],"replies":[{"embeddable":true,"href":"https:\/\/techcreationhub.com\/patrimmo\/wp-json\/wp\/v2\/comments?post=220"}],"version-history":[{"count":15,"href":"https:\/\/techcreationhub.com\/patrimmo\/wp-json\/wp\/v2\/pages\/220\/revisions"}],"predecessor-version":[{"id":375,"href":"https:\/\/techcreationhub.com\/patrimmo\/wp-json\/wp\/v2\/pages\/220\/revisions\/375"}],"wp:attachment":[{"href":"https:\/\/techcreationhub.com\/patrimmo\/wp-json\/wp\/v2\/media?parent=220"}],"curies":[{"name":"wp","href":"https:\/\/api.w.org\/{rel}","templated":true}]}}