{"id":215,"date":"2026-03-22T07:48:52","date_gmt":"2026-03-22T07:48:52","guid":{"rendered":"https:\/\/techcreationhub.com\/?page_id=215"},"modified":"2026-03-29T17:01:11","modified_gmt":"2026-03-29T17:01:11","slug":"avis","status":"publish","type":"page","link":"https:\/\/techcreationhub.com\/patrimmo\/avis\/","title":{"rendered":"Avis"},"content":{"rendered":"<style>.wp-block-kadence-advancedheading.kt-adv-heading215_90e189-1d, .wp-block-kadence-advancedheading.kt-adv-heading215_90e189-1d[data-kb-block=\"kb-adv-heading215_90e189-1d\"]{font-style:normal;}.wp-block-kadence-advancedheading.kt-adv-heading215_90e189-1d mark.kt-highlight, .wp-block-kadence-advancedheading.kt-adv-heading215_90e189-1d[data-kb-block=\"kb-adv-heading215_90e189-1d\"] mark.kt-highlight{font-style:normal;color:#f76a0c;-webkit-box-decoration-break:clone;box-decoration-break:clone;padding-top:0px;padding-right:0px;padding-bottom:0px;padding-left:0px;}.wp-block-kadence-advancedheading.kt-adv-heading215_90e189-1d img.kb-inline-image, .wp-block-kadence-advancedheading.kt-adv-heading215_90e189-1d[data-kb-block=\"kb-adv-heading215_90e189-1d\"] img.kb-inline-image{width:150px;vertical-align:baseline;}<\/style>\n<h1 class=\"kt-adv-heading215_90e189-1d wp-block-kadence-advancedheading\" data-kb-block=\"kb-adv-heading215_90e189-1d\">Avis et retours des utilisateurs<\/h1>\n\n\n<style>.kb-row-layout-id215_04f704-b2 > .kt-row-column-wrap{align-content:start;}:where(.kb-row-layout-id215_04f704-b2 > .kt-row-column-wrap) > .wp-block-kadence-column{justify-content:start;}.kb-row-layout-id215_04f704-b2 > .kt-row-column-wrap{column-gap:var(--global-kb-gap-md, 2rem);row-gap:var(--global-kb-gap-md, 2rem);padding-top:var(--global-kb-spacing-sm, 1.5rem);padding-bottom:var(--global-kb-spacing-sm, 1.5rem);grid-template-columns:repeat(2, minmax(0, 1fr));}.kb-row-layout-id215_04f704-b2 > .kt-row-layout-overlay{opacity:0.30;}@media all and (max-width: 1024px){.kb-row-layout-id215_04f704-b2 > .kt-row-column-wrap{grid-template-columns:repeat(2, minmax(0, 1fr));}}@media all and (max-width: 767px){.kb-row-layout-id215_04f704-b2 > .kt-row-column-wrap{grid-template-columns:minmax(0, 1fr);}}<\/style><div class=\"kb-row-layout-wrap kb-row-layout-id215_04f704-b2 alignnone has-theme-palette7-background-color kt-row-has-bg wp-block-kadence-rowlayout\"><div class=\"kt-row-column-wrap kt-has-2-columns kt-row-layout-equal kt-tab-layout-inherit kt-mobile-layout-row kt-row-valign-top\">\n<style>.kadence-column215_1f1574-c3 > .kt-inside-inner-col,.kadence-column215_1f1574-c3 > .kt-inside-inner-col:before{border-top-left-radius:0px;border-top-right-radius:0px;border-bottom-right-radius:0px;border-bottom-left-radius:0px;}.kadence-column215_1f1574-c3 > .kt-inside-inner-col{column-gap:var(--global-kb-gap-sm, 1rem);}.kadence-column215_1f1574-c3 > .kt-inside-inner-col{flex-direction:column;}.kadence-column215_1f1574-c3 > .kt-inside-inner-col > .aligncenter{width:100%;}.kadence-column215_1f1574-c3 > .kt-inside-inner-col:before{opacity:0.3;}.kadence-column215_1f1574-c3{position:relative;}@media all and (max-width: 1024px){.kadence-column215_1f1574-c3 > .kt-inside-inner-col{flex-direction:column;justify-content:center;}}@media all and (max-width: 767px){.kadence-column215_1f1574-c3 > .kt-inside-inner-col{flex-direction:column;justify-content:center;}}<\/style>\n<div class=\"wp-block-kadence-column kadence-column215_1f1574-c3\"><div class=\"kt-inside-inner-col\"><style>.wp-block-kadence-advancedheading.kt-adv-heading215_4b35a5-bc, .wp-block-kadence-advancedheading.kt-adv-heading215_4b35a5-bc[data-kb-block=\"kb-adv-heading215_4b35a5-bc\"]{font-style:normal;}.wp-block-kadence-advancedheading.kt-adv-heading215_4b35a5-bc mark.kt-highlight, .wp-block-kadence-advancedheading.kt-adv-heading215_4b35a5-bc[data-kb-block=\"kb-adv-heading215_4b35a5-bc\"] mark.kt-highlight{font-style:normal;color:#f76a0c;-webkit-box-decoration-break:clone;box-decoration-break:clone;padding-top:0px;padding-right:0px;padding-bottom:0px;padding-left:0px;}.wp-block-kadence-advancedheading.kt-adv-heading215_4b35a5-bc img.kb-inline-image, .wp-block-kadence-advancedheading.kt-adv-heading215_4b35a5-bc[data-kb-block=\"kb-adv-heading215_4b35a5-bc\"] img.kb-inline-image{width:150px;vertical-align:baseline;}<\/style>\n<h2 class=\"kt-adv-heading215_4b35a5-bc wp-block-kadence-advancedheading\" data-kb-block=\"kb-adv-heading215_4b35a5-bc\"><strong>Si vous utilisez le logiciel Gestion de Patrimoine Immobilier, votre retour d&rsquo;exp\u00e9rience est tr\u00e8s pr\u00e9cieux.<\/strong><\/h2>\n\n\n<style>.wp-block-kadence-advancedheading.kt-adv-heading215_5d438b-e8, .wp-block-kadence-advancedheading.kt-adv-heading215_5d438b-e8[data-kb-block=\"kb-adv-heading215_5d438b-e8\"]{font-style:normal;}.wp-block-kadence-advancedheading.kt-adv-heading215_5d438b-e8 mark.kt-highlight, .wp-block-kadence-advancedheading.kt-adv-heading215_5d438b-e8[data-kb-block=\"kb-adv-heading215_5d438b-e8\"] mark.kt-highlight{font-style:normal;color:#f76a0c;-webkit-box-decoration-break:clone;box-decoration-break:clone;padding-top:0px;padding-right:0px;padding-bottom:0px;padding-left:0px;}.wp-block-kadence-advancedheading.kt-adv-heading215_5d438b-e8 img.kb-inline-image, .wp-block-kadence-advancedheading.kt-adv-heading215_5d438b-e8[data-kb-block=\"kb-adv-heading215_5d438b-e8\"] img.kb-inline-image{width:150px;vertical-align:baseline;}<\/style>\n<h5 class=\"kt-adv-heading215_5d438b-e8 wp-block-kadence-advancedheading\" data-kb-block=\"kb-adv-heading215_5d438b-e8\">Vos commentaires permettent :<\/h5>\n\n\n\n<ul class=\"wp-block-list\">\n<li>d&rsquo;am\u00e9liorer le logiciel<\/li>\n\n\n\n<li>de corriger d&rsquo;\u00e9ventuels probl\u00e8mes<\/li>\n\n\n\n<li>de proposer de nouvelles fonctionnalit\u00e9s<\/li>\n\n\n\n<li>d&rsquo;aider les autres utilisateurs \u00e0 d\u00e9couvrir l&rsquo;application.<\/li>\n<\/ul>\n\n\n<style>.wp-block-kadence-advancedheading.kt-adv-heading215_68811b-2c, .wp-block-kadence-advancedheading.kt-adv-heading215_68811b-2c[data-kb-block=\"kb-adv-heading215_68811b-2c\"]{font-style:normal;}.wp-block-kadence-advancedheading.kt-adv-heading215_68811b-2c mark.kt-highlight, .wp-block-kadence-advancedheading.kt-adv-heading215_68811b-2c[data-kb-block=\"kb-adv-heading215_68811b-2c\"] mark.kt-highlight{font-style:normal;color:#f76a0c;-webkit-box-decoration-break:clone;box-decoration-break:clone;padding-top:0px;padding-right:0px;padding-bottom:0px;padding-left:0px;}.wp-block-kadence-advancedheading.kt-adv-heading215_68811b-2c img.kb-inline-image, .wp-block-kadence-advancedheading.kt-adv-heading215_68811b-2c[data-kb-block=\"kb-adv-heading215_68811b-2c\"] img.kb-inline-image{width:150px;vertical-align:baseline;}<\/style>\n<h5 class=\"kt-adv-heading215_68811b-2c wp-block-kadence-advancedheading\" data-kb-block=\"kb-adv-heading215_68811b-2c\">Vous pouvez partager :<\/h5>\n\n\n\n<ul class=\"wp-block-list\">\n<li>votre exp\u00e9rience d&rsquo;utilisation<\/li>\n\n\n\n<li>des suggestions d&rsquo;am\u00e9lioration<\/li>\n\n\n\n<li>des id\u00e9es de nouvelles fonctionnalit\u00e9s<\/li>\n\n\n\n<li>des probl\u00e8mes rencontr\u00e9s.<\/li>\n<\/ul>\n\n\n<style>.wp-block-kadence-advancedheading.kt-adv-heading215_2a05e4-bc, .wp-block-kadence-advancedheading.kt-adv-heading215_2a05e4-bc[data-kb-block=\"kb-adv-heading215_2a05e4-bc\"]{font-style:normal;}.wp-block-kadence-advancedheading.kt-adv-heading215_2a05e4-bc mark.kt-highlight, .wp-block-kadence-advancedheading.kt-adv-heading215_2a05e4-bc[data-kb-block=\"kb-adv-heading215_2a05e4-bc\"] mark.kt-highlight{font-style:normal;color:#f76a0c;-webkit-box-decoration-break:clone;box-decoration-break:clone;padding-top:0px;padding-right:0px;padding-bottom:0px;padding-left:0px;}.wp-block-kadence-advancedheading.kt-adv-heading215_2a05e4-bc img.kb-inline-image, .wp-block-kadence-advancedheading.kt-adv-heading215_2a05e4-bc[data-kb-block=\"kb-adv-heading215_2a05e4-bc\"] img.kb-inline-image{width:150px;vertical-align:baseline;}<\/style>\n<h5 class=\"kt-adv-heading215_2a05e4-bc wp-block-kadence-advancedheading\" data-kb-block=\"kb-adv-heading215_2a05e4-bc\">Merci pour votre contribution.<\/h5>\n<\/div><\/div>\n\n\n<style>.kadence-column215_2a6b81-d7 > .kt-inside-inner-col,.kadence-column215_2a6b81-d7 > .kt-inside-inner-col:before{border-top-left-radius:0px;border-top-right-radius:0px;border-bottom-right-radius:0px;border-bottom-left-radius:0px;}.kadence-column215_2a6b81-d7 > .kt-inside-inner-col{column-gap:var(--global-kb-gap-sm, 1rem);}.kadence-column215_2a6b81-d7 > .kt-inside-inner-col{flex-direction:column;}.kadence-column215_2a6b81-d7 > .kt-inside-inner-col > .aligncenter{width:100%;}.kadence-column215_2a6b81-d7 > .kt-inside-inner-col:before{opacity:0.3;}.kadence-column215_2a6b81-d7{position:relative;}@media all and (max-width: 1024px){.kadence-column215_2a6b81-d7 > .kt-inside-inner-col{flex-direction:column;justify-content:center;}}@media all and (max-width: 767px){.kadence-column215_2a6b81-d7 > .kt-inside-inner-col{flex-direction:column;justify-content:center;}}<\/style>\n<div class=\"wp-block-kadence-column kadence-column215_2a6b81-d7\"><div class=\"kt-inside-inner-col\"><div class=\"items-justified-left wp-block-site-reviews-form\"><div class=\"glsr glsr-default\" id=\"glsr_civc9i8i\" data-from=\"block\" data-shortcode=\"site_reviews_form\"><div class=\"glsr-form-wrap\">\n    <form class=\"glsr-form glsr-review-form\" method=\"post\" enctype=\"multipart\/form-data\">\n        <input type=\"hidden\" name=\"site-reviews[_action]\" value=\"submit-review\" \/>\n<input type=\"hidden\" name=\"site-reviews[_nonce]\" value=\"0b7c47ec8a\" \/>\n<input type=\"hidden\" name=\"site-reviews[_post_id]\" value=\"215\" \/>\n<input type=\"hidden\" name=\"site-reviews[_referer]\" value=\"\" \/>\n<input type=\"hidden\" name=\"site-reviews[assigned_posts]\" value=\"\" \/>\n<input type=\"hidden\" name=\"site-reviews[assigned_terms]\" value=\"\" \/>\n<input type=\"hidden\" name=\"site-reviews[assigned_users]\" value=\"\" \/>\n<input type=\"hidden\" name=\"site-reviews[excluded]\" value=\"\" \/>\n<input type=\"hidden\" name=\"site-reviews[form_id]\" value=\"glsr_civc9i8i\" \/>\n<input type=\"hidden\" name=\"site-reviews[form_signature]\" value=\"Tg8mBnz_M9nPPWpjcrlb0iGOJ91jKqwGh3F__iI7KY8tLTkonkqo7RHH1ppYGkTK-N19t7Pgcp5B7nsbtrkq5Kk3cQMmTE1YaIQ2mZt1cBmnQVR6-gwhgezHyiua9M_bim15SXhcKJRUZqQJ06qjAtU7nYiUzVZsvpopDcsvFHddRfvXke-ekqYFJWoGtNy2XdgfD49bEUsH2MTcHBcrO8JxzMTtHsUcMf5QCAv6aFfd30ng5vZTVpuaCzPuxmQpLpXrmchyCbFj6a6rda_f9lVBE2jQ0WtmQt3NYh4BP4BSCmxL3KW5sG_yBl19bY3TXTqvReRtz0xgdeL51FhKDU_u_xhxofxyLxAc-CscuZruZjIPXAstRJYazL5c4gQ5E7oNf_5XCNi2MYIjtDC2ymBsZ7H2RSV0s5pqWYLYLnBBRKsHAn-208Q_qQ\" \/>\n<input type=\"hidden\" name=\"site-reviews[terms_exist]\" value=\"1\" \/>\n<div class=\"glsr-field\" style=\"display:none;\"><label for=\"site-reviews-027bc87c-glsr_civc9i8i\">Votre avis<\/label><input type=\"text\" class=\"glsr-input glsr-input-text\" id=\"site-reviews-027bc87c-glsr_civc9i8i\" name=\"site-reviews[027bc87c]\" value=\"\" \/><\/div>\n<div class=\"glsr-field glsr-field-rating glsr-required\" data-field=\"rating\" data-type=\"rating\">\n    <label class=\"glsr-label\" for=\"glsr_civc9i8i-rating\">\n    <span>Votre note globale<\/span>\n<\/label>\n    <select class=\"browser-default disable-select glsr-select no-wrap no_wrap\" id=\"glsr_civc9i8i-rating\" name=\"site-reviews[rating]\" required><option value=\"\">S\u00e9lectionnez une note<\/option><option value=\"5\">5 \u00e9toiles<\/option><option value=\"4\">4 \u00e9toiles<\/option><option value=\"3\">3 \u00e9toiles<\/option><option value=\"2\">2 \u00e9toiles<\/option><option value=\"1\">1 \u00e9toile<\/option><\/select>\n    <div class=\"glsr-field-error\"><\/div>\n<\/div>\n<div class=\"glsr-field glsr-field-text glsr-required\" data-field=\"title\" data-type=\"text\">\n    <label class=\"glsr-label\" for=\"glsr_civc9i8i-title\">\n    <span>Titre de votre avis<\/span>\n<\/label>\n    <input type=\"text\" class=\"glsr-input glsr-input-text\" id=\"glsr_civc9i8i-title\" name=\"site-reviews[title]\" required placeholder=\"R\u00e9sumez votre avis ou mettez en \u00e9vidence un d\u00e9tail int\u00e9ressant\" value=\"\" \/>\n    <div class=\"glsr-field-error\"><\/div>\n<\/div>\n<div class=\"glsr-field glsr-field-textarea glsr-required\" data-field=\"content\" data-type=\"textarea\">\n    <label class=\"glsr-label\" for=\"glsr_civc9i8i-content\">\n    <span>Votre avis<\/span>\n<\/label>\n    <textarea class=\"glsr-textarea\" id=\"glsr_civc9i8i-content\" name=\"site-reviews[content]\" required placeholder=\"Donnez votre avis\" rows=\"5\"><\/textarea>\n    <div class=\"glsr-field-error\"><\/div>\n<\/div>\n<div class=\"glsr-field glsr-field-text glsr-required\" data-field=\"name\" data-type=\"text\">\n    <label class=\"glsr-label\" for=\"glsr_civc9i8i-name\">\n    <span>Votre nom<\/span>\n<\/label>\n    <input type=\"text\" class=\"glsr-input glsr-input-text\" id=\"glsr_civc9i8i-name\" name=\"site-reviews[name]\" required placeholder=\"Donnez votre nom\" value=\"\" \/>\n    <div class=\"glsr-field-error\"><\/div>\n<\/div>\n<div class=\"glsr-field glsr-field-email glsr-required\" data-field=\"email\" data-type=\"email\">\n    <label class=\"glsr-label\" for=\"glsr_civc9i8i-email\">\n    <span>Votre e-mail<\/span>\n<\/label>\n    <input type=\"email\" class=\"glsr-input glsr-input-email\" id=\"glsr_civc9i8i-email\" name=\"site-reviews[email]\" required placeholder=\"Donnez votre e-mail\" value=\"\" \/>\n    <div class=\"glsr-field-error\"><\/div>\n<\/div>\n<div class=\"glsr-field glsr-field-choice glsr-required\" data-field=\"terms\" data-type=\"toggle\">\n    \n    <div class=\"glsr-field-subgroup\">\n        <span class=\"glsr-field-toggle\">\n    <span>\n        <span class=\"glsr-toggle\"><input type=\"checkbox\" class=\"glsr-input-toggle\" id=\"glsr_civc9i8i-terms-1\" name=\"site-reviews[terms]\" required value=\"1\" \/><span class=\"glsr-toggle-track\"><\/span><\/span>\n    <\/span>\n    <label for=\"glsr_civc9i8i-terms-1\">Cette note est fond\u00e9e sur ma propre exp\u00e9rience et mon v\u00e9ritable avis.<\/label>\n<\/span>\n    <\/div>\n    <div class=\"glsr-field-error\"><\/div>\n<\/div>\n        <div class=\"glsr-form-message\">\n    \n<\/div>\n        <div data-field=\"submit-button\">\n    <div class=\"wp-block-buttons is-layout-flex\">\n        <div class=\"wp-block-button\">\n            <button type=\"submit\" class=\"glsr-button wp-block-button__link wp-element-button\" aria-busy=\"false\" data-loading=\"Submitting, please wait...\">Envoyer un avis<\/button>\n        <\/div>\n    <\/div>\n<\/div>\n    <\/form>\n<\/div><\/div><\/div><\/div><\/div>\n\n<\/div><\/div>\n\n\n<p><\/p>\n\n\n<style>.kb-row-layout-id215_5e8e48-20 > .kt-row-column-wrap{align-content:start;}:where(.kb-row-layout-id215_5e8e48-20 > .kt-row-column-wrap) > .wp-block-kadence-column{justify-content:start;}.kb-row-layout-id215_5e8e48-20 > .kt-row-column-wrap{column-gap:var(--global-kb-gap-md, 2rem);row-gap:var(--global-kb-gap-md, 2rem);padding-top:var(--global-kb-spacing-sm, 1.5rem);padding-bottom:var(--global-kb-spacing-sm, 1.5rem);grid-template-columns:minmax(0, 1fr);}.kb-row-layout-id215_5e8e48-20 > .kt-row-layout-overlay{opacity:0.30;}@media all and (max-width: 1024px){.kb-row-layout-id215_5e8e48-20 > .kt-row-column-wrap{grid-template-columns:minmax(0, 1fr);}}@media all and (max-width: 767px){.kb-row-layout-id215_5e8e48-20 > .kt-row-column-wrap{grid-template-columns:minmax(0, 1fr);}}<\/style><div class=\"kb-row-layout-wrap kb-row-layout-id215_5e8e48-20 alignnone has-theme-palette7-background-color kt-row-has-bg wp-block-kadence-rowlayout\"><div class=\"kt-row-column-wrap kt-has-1-columns kt-row-layout-equal kt-tab-layout-inherit kt-mobile-layout-row kt-row-valign-top\">\n<style>.kadence-column215_eb7205-0b > .kt-inside-inner-col,.kadence-column215_eb7205-0b > .kt-inside-inner-col:before{border-top-left-radius:0px;border-top-right-radius:0px;border-bottom-right-radius:0px;border-bottom-left-radius:0px;}.kadence-column215_eb7205-0b > .kt-inside-inner-col{column-gap:var(--global-kb-gap-sm, 1rem);}.kadence-column215_eb7205-0b > .kt-inside-inner-col{flex-direction:column;}.kadence-column215_eb7205-0b > .kt-inside-inner-col > .aligncenter{width:100%;}.kadence-column215_eb7205-0b > .kt-inside-inner-col:before{opacity:0.3;}.kadence-column215_eb7205-0b{position:relative;}@media all and (max-width: 1024px){.kadence-column215_eb7205-0b > .kt-inside-inner-col{flex-direction:column;justify-content:center;}}@media all and (max-width: 767px){.kadence-column215_eb7205-0b > .kt-inside-inner-col{flex-direction:column;justify-content:center;}}<\/style>\n<div class=\"wp-block-kadence-column kadence-column215_eb7205-0b\"><div class=\"kt-inside-inner-col\"><div class=\"has-text-align-left items-justified-left wp-block-site-reviews\"><div class=\"glsr glsr-default\" id=\"glsr_r6rro1g6\" data-from=\"block\" data-shortcode=\"site_reviews\"><div class=\"glsr-reviews-wrap\">\n    <div class=\"glsr-reviews\">\n        <p class=\"glsr-no-margins\">Aucun avis n\u2019a \u00e9t\u00e9 donn\u00e9 pour le moment. Soyez le premier \u00e0 en \u00e9crire un.<\/p>\n    <\/div>\n    \n<\/div><\/div><\/div><\/div><\/div>\n\n<\/div><\/div>","protected":false},"excerpt":{"rendered":"<p>Avis et retours des utilisateurs Si vous utilisez le logiciel Gestion de Patrimoine Immobilier, votre retour d&rsquo;exp\u00e9rience est tr\u00e8s pr\u00e9cieux. Vos commentaires permettent : Vous pouvez partager : Merci pour votre contribution.<\/p>\n","protected":false},"author":1,"featured_media":0,"parent":0,"menu_order":0,"comment_status":"closed","ping_status":"closed","template":"","meta":{"_kad_post_transparent":"","_kad_post_title":"","_kad_post_layout":"","_kad_post_sidebar_id":"","_kad_post_content_style":"","_kad_post_vertical_padding":"","_kad_post_feature":"","_kad_post_feature_position":"","_kad_post_header":false,"_kad_post_footer":false,"_kad_post_classname":"","_glsr_average":0,"_glsr_ranking":0,"_glsr_reviews":0,"footnotes":""},"class_list":["post-215","page","type-page","status-publish","hentry"],"_links":{"self":[{"href":"https:\/\/techcreationhub.com\/patrimmo\/wp-json\/wp\/v2\/pages\/215","targetHints":{"allow":["GET"]}}],"collection":[{"href":"https:\/\/techcreationhub.com\/patrimmo\/wp-json\/wp\/v2\/pages"}],"about":[{"href":"https:\/\/techcreationhub.com\/patrimmo\/wp-json\/wp\/v2\/types\/page"}],"author":[{"embeddable":true,"href":"https:\/\/techcreationhub.com\/patrimmo\/wp-json\/wp\/v2\/users\/1"}],"replies":[{"embeddable":true,"href":"https:\/\/techcreationhub.com\/patrimmo\/wp-json\/wp\/v2\/comments?post=215"}],"version-history":[{"count":3,"href":"https:\/\/techcreationhub.com\/patrimmo\/wp-json\/wp\/v2\/pages\/215\/revisions"}],"predecessor-version":[{"id":307,"href":"https:\/\/techcreationhub.com\/patrimmo\/wp-json\/wp\/v2\/pages\/215\/revisions\/307"}],"wp:attachment":[{"href":"https:\/\/techcreationhub.com\/patrimmo\/wp-json\/wp\/v2\/media?parent=215"}],"curies":[{"name":"wp","href":"https:\/\/api.w.org\/{rel}","templated":true}]}}